{"id":92940,"date":"2022-12-21T09:23:49","date_gmt":"2022-12-21T08:23:49","guid":{"rendered":"https:\/\/www.dgsspa.com\/responsabilita-sociale-dimpresa-sa-8000\/"},"modified":"2023-10-17T11:27:26","modified_gmt":"2023-10-17T10:27:26","slug":"responsabilita-sociale-dimpresa-sa-8000","status":"publish","type":"page","link":"https:\/\/www.dgsspa.com\/en\/about-us\/governance-e-compliance\/responsabilita-sociale-dimpresa-sa-8000\/","title":{"rendered":"Responsabilit\u00e0 Sociale d\u2019Impresa (SA 8000)"},"content":{"rendered":"\n<div class=\"wp-block-group content-group has-global-padding is-layout-constrained wp-block-group-is-layout-constrained\">\n<h2 class=\"wp-block-heading\">Responsabilit\u00e0 Sociale d\u2019Impresa (SA 8000)<\/h2>\n\n\n\n<p>DGS identifica come centrale e prioritario il proprio impegno verso la Responsabilit\u00e0 Sociale.<\/p>\n\n\n\n<p>In particolare, DGS \u00e8 conscia del proprio ruolo sociale, chiamato a configurarsi come un interlocutore primario per le Istituzioni e a partecipare attivamente alla definizione di una miglior regolamentazione per lo sviluppo del mercato e delle Comunit\u00e0 Locali.<\/p>\n\n\n\n<p>Coerentemente con questa visione, si \u00e8 dotata di un Codice Etico, che esprime l\u2019insieme dei valori e dei principi che l\u2019Azienda ha deciso di adottare nello svolgimento della propria attivit\u00e0 e nel rapporto con tutti i propri interlocutori, e ha deciso di dare ulteriore concretezza agli impegni assunti, adottando un sistema di gestione SA8000:2014 con esso coerente, che rafforzi i valori fondanti di responsabilit\u00e0 sociale nell\u2019approccio al mercato del lavoro e alla societ\u00e0 civile in cui opera.<\/p>\n\n\n\n<p>Il sistema di gestione SA 8000, di cui la Politica qui pubblicata \u00e8 espressione, rappresenta il quadro generale operativo in virt\u00f9 del quale l\u2019organizzazione \u00e8 in grado di assicurare una completa conformit\u00e0 delle proprie prestazioni in ambito di Responsabilit\u00e0 Sociale con riferimento ai requisiti dello Standard.<\/p>\n\n\n\n<p>La Direzione dichiara quindi il proprio impegno a rendere effettivo ed operante il Sistema di Gestione SA 8000 e di migliorarne continuamente l\u2019efficacia.<\/p>\n\n\n\n<p><strong><a href=\"https:\/\/www.dgsspa.com\/wp-content\/uploads\/2023\/10\/PL-12-01-Politica-SA8000-v02-1.pdf\" target=\"_blank\" rel=\"noreferrer noopener nofollow\">Politica SA8000:2014<\/a> <br><a href=\"https:\/\/www.dgsspa.com\/wp-content\/uploads\/2023\/10\/PO-12-02-SA8000-Social-Accountability-v02-1.pdf\" target=\"_blank\" rel=\"noreferrer noopener nofollow\">Social Accountability<\/a> <br><a href=\"https:\/\/report.whistleb.com\/it\/dgsspa\" target=\"_blank\" rel=\"noreferrer noopener nofollow\">Suggerimenti e reclami<\/a> <\/strong><\/p>\n<\/div>\n","protected":false},"excerpt":{"rendered":"<p>Responsabilit\u00e0 Sociale d\u2019Impresa (SA 8000) DGS identifica come centrale e prioritario il proprio impegno verso la Responsabilit\u00e0 Sociale. In particolare, DGS \u00e8 conscia del proprio ruolo sociale, chiamato a configurarsi come un interlocutore primario per le Istituzioni e a partecipare attivamente alla definizione di una miglior regolamentazione per lo sviluppo del mercato e delle Comunit\u00e0 [&hellip;]<\/p>\n","protected":false},"author":5,"featured_media":0,"parent":92966,"menu_order":2,"comment_status":"closed","ping_status":"closed","template":"","meta":{"_acf_changed":false,"footnotes":""},"categories":[46],"class_list":["post-92940","page","type-page","status-publish","hentry","category-governance-e-compliance-en"],"acf":[],"yoast_head":"<!-- This site is optimized with the Yoast SEO plugin v27.5 - https:\/\/yoast.com\/product\/yoast-seo-wordpress\/ -->\n<title>Responsabilit\u00e0 Sociale d\u2019Impresa (SA 8000) - DGS<\/title>\n<meta name=\"robots\" content=\"index, follow, max-snippet:-1, max-image-preview:large, max-video-preview:-1\" \/>\n<link rel=\"canonical\" href=\"https:\/\/www.dgsspa.com\/en\/about-us\/governance-e-compliance\/responsabilita-sociale-dimpresa-sa-8000\/\" \/>\n<meta property=\"og:locale\" content=\"en_US\" \/>\n<meta property=\"og:type\" content=\"article\" \/>\n<meta property=\"og:title\" content=\"Responsabilit\u00e0 Sociale d\u2019Impresa (SA 8000) - DGS\" \/>\n<meta property=\"og:description\" content=\"Responsabilit\u00e0 Sociale d\u2019Impresa (SA 8000) DGS identifica come centrale e prioritario il proprio impegno verso la Responsabilit\u00e0 Sociale. In particolare, DGS \u00e8 conscia del proprio ruolo sociale, chiamato a configurarsi come un interlocutore primario per le Istituzioni e a partecipare attivamente alla definizione di una miglior regolamentazione per lo sviluppo del mercato e delle Comunit\u00e0 [&hellip;]\" \/>\n<meta property=\"og:url\" content=\"https:\/\/www.dgsspa.com\/en\/about-us\/governance-e-compliance\/responsabilita-sociale-dimpresa-sa-8000\/\" \/>\n<meta property=\"og:site_name\" content=\"DGS\" \/>\n<meta property=\"article:publisher\" content=\"https:\/\/www.facebook.com\/gruppoDGS\" \/>\n<meta property=\"article:modified_time\" content=\"2023-10-17T10:27:26+00:00\" \/>\n<meta property=\"og:image\" content=\"https:\/\/www.dgsspa.com\/wp-content\/uploads\/2022\/12\/dgs-logo-opengraph.png\" \/>\n\t<meta property=\"og:image:width\" content=\"1200\" \/>\n\t<meta property=\"og:image:height\" content=\"630\" \/>\n\t<meta property=\"og:image:type\" content=\"image\/png\" \/>\n<meta name=\"twitter:card\" content=\"summary_large_image\" \/>\n<meta name=\"twitter:site\" content=\"@dgs_group\" \/>\n<meta name=\"twitter:label1\" content=\"Est. reading time\" \/>\n\t<meta name=\"twitter:data1\" content=\"1 minute\" \/>\n<script type=\"application\/ld+json\" class=\"yoast-schema-graph\">{\"@context\":\"https:\\\/\\\/schema.org\",\"@graph\":[{\"@type\":\"WebPage\",\"@id\":\"https:\\\/\\\/www.dgsspa.com\\\/en\\\/about-us\\\/governance-e-compliance\\\/responsabilita-sociale-dimpresa-sa-8000\\\/\",\"url\":\"https:\\\/\\\/www.dgsspa.com\\\/en\\\/about-us\\\/governance-e-compliance\\\/responsabilita-sociale-dimpresa-sa-8000\\\/\",\"name\":\"Responsabilit\u00e0 Sociale d\u2019Impresa (SA 8000) - DGS\",\"isPartOf\":{\"@id\":\"https:\\\/\\\/www.dgsspa.com\\\/en\\\/#website\"},\"datePublished\":\"2022-12-21T08:23:49+00:00\",\"dateModified\":\"2023-10-17T10:27:26+00:00\",\"breadcrumb\":{\"@id\":\"https:\\\/\\\/www.dgsspa.com\\\/en\\\/about-us\\\/governance-e-compliance\\\/responsabilita-sociale-dimpresa-sa-8000\\\/#breadcrumb\"},\"inLanguage\":\"en-US\",\"potentialAction\":[{\"@type\":\"ReadAction\",\"target\":[\"https:\\\/\\\/www.dgsspa.com\\\/en\\\/about-us\\\/governance-e-compliance\\\/responsabilita-sociale-dimpresa-sa-8000\\\/\"]}]},{\"@type\":\"BreadcrumbList\",\"@id\":\"https:\\\/\\\/www.dgsspa.com\\\/en\\\/about-us\\\/governance-e-compliance\\\/responsabilita-sociale-dimpresa-sa-8000\\\/#breadcrumb\",\"itemListElement\":[{\"@type\":\"ListItem\",\"position\":1,\"name\":\"Home\",\"item\":\"https:\\\/\\\/www.dgsspa.com\\\/en\\\/\"},{\"@type\":\"ListItem\",\"position\":2,\"name\":\"About Us\",\"item\":\"https:\\\/\\\/www.dgsspa.com\\\/en\\\/about-us\\\/\"},{\"@type\":\"ListItem\",\"position\":3,\"name\":\"Governance e Compliance\",\"item\":\"https:\\\/\\\/www.dgsspa.com\\\/en\\\/about-us\\\/governance-e-compliance\\\/\"},{\"@type\":\"ListItem\",\"position\":4,\"name\":\"Responsabilit\u00e0 Sociale d\u2019Impresa (SA 8000)\"}]},{\"@type\":\"WebSite\",\"@id\":\"https:\\\/\\\/www.dgsspa.com\\\/en\\\/#website\",\"url\":\"https:\\\/\\\/www.dgsspa.com\\\/en\\\/\",\"name\":\"DGS spa\",\"description\":\"DGS SPA\",\"publisher\":{\"@id\":\"https:\\\/\\\/www.dgsspa.com\\\/en\\\/#organization\"},\"potentialAction\":[{\"@type\":\"SearchAction\",\"target\":{\"@type\":\"EntryPoint\",\"urlTemplate\":\"https:\\\/\\\/www.dgsspa.com\\\/en\\\/?s={search_term_string}\"},\"query-input\":{\"@type\":\"PropertyValueSpecification\",\"valueRequired\":true,\"valueName\":\"search_term_string\"}}],\"inLanguage\":\"en-US\"},{\"@type\":\"Organization\",\"@id\":\"https:\\\/\\\/www.dgsspa.com\\\/en\\\/#organization\",\"name\":\"DGS spa\",\"url\":\"https:\\\/\\\/www.dgsspa.com\\\/en\\\/\",\"logo\":{\"@type\":\"ImageObject\",\"inLanguage\":\"en-US\",\"@id\":\"https:\\\/\\\/www.dgsspa.com\\\/en\\\/#\\\/schema\\\/logo\\\/image\\\/\",\"url\":\"https:\\\/\\\/www.dgsspa.com\\\/wp-content\\\/uploads\\\/2022\\\/11\\\/Logo_DGS.png\",\"contentUrl\":\"https:\\\/\\\/www.dgsspa.com\\\/wp-content\\\/uploads\\\/2022\\\/11\\\/Logo_DGS.png\",\"width\":400,\"height\":400,\"caption\":\"DGS spa\"},\"image\":{\"@id\":\"https:\\\/\\\/www.dgsspa.com\\\/en\\\/#\\\/schema\\\/logo\\\/image\\\/\"},\"sameAs\":[\"https:\\\/\\\/www.facebook.com\\\/gruppoDGS\",\"https:\\\/\\\/x.com\\\/dgs_group\",\"https:\\\/\\\/www.linkedin.com\\\/company\\\/dgsspa\\\/\",\"https:\\\/\\\/www.youtube.com\\\/channel\\\/UCTrU_JDYEEOcYXNjL5a9k5g\",\"https:\\\/\\\/www.instagram.com\\\/dgs_spa\"]}]}<\/script>\n<!-- \/ Yoast SEO plugin. -->","yoast_head_json":{"title":"Responsabilit\u00e0 Sociale d\u2019Impresa (SA 8000) - DGS","robots":{"index":"index","follow":"follow","max-snippet":"max-snippet:-1","max-image-preview":"max-image-preview:large","max-video-preview":"max-video-preview:-1"},"canonical":"https:\/\/www.dgsspa.com\/en\/about-us\/governance-e-compliance\/responsabilita-sociale-dimpresa-sa-8000\/","og_locale":"en_US","og_type":"article","og_title":"Responsabilit\u00e0 Sociale d\u2019Impresa (SA 8000) - DGS","og_description":"Responsabilit\u00e0 Sociale d\u2019Impresa (SA 8000) DGS identifica come centrale e prioritario il proprio impegno verso la Responsabilit\u00e0 Sociale. In particolare, DGS \u00e8 conscia del proprio ruolo sociale, chiamato a configurarsi come un interlocutore primario per le Istituzioni e a partecipare attivamente alla definizione di una miglior regolamentazione per lo sviluppo del mercato e delle Comunit\u00e0 [&hellip;]","og_url":"https:\/\/www.dgsspa.com\/en\/about-us\/governance-e-compliance\/responsabilita-sociale-dimpresa-sa-8000\/","og_site_name":"DGS","article_publisher":"https:\/\/www.facebook.com\/gruppoDGS","article_modified_time":"2023-10-17T10:27:26+00:00","og_image":[{"width":1200,"height":630,"url":"https:\/\/www.dgsspa.com\/wp-content\/uploads\/2022\/12\/dgs-logo-opengraph.png","type":"image\/png"}],"twitter_card":"summary_large_image","twitter_site":"@dgs_group","twitter_misc":{"Est. reading time":"1 minute"},"schema":{"@context":"https:\/\/schema.org","@graph":[{"@type":"WebPage","@id":"https:\/\/www.dgsspa.com\/en\/about-us\/governance-e-compliance\/responsabilita-sociale-dimpresa-sa-8000\/","url":"https:\/\/www.dgsspa.com\/en\/about-us\/governance-e-compliance\/responsabilita-sociale-dimpresa-sa-8000\/","name":"Responsabilit\u00e0 Sociale d\u2019Impresa (SA 8000) - DGS","isPartOf":{"@id":"https:\/\/www.dgsspa.com\/en\/#website"},"datePublished":"2022-12-21T08:23:49+00:00","dateModified":"2023-10-17T10:27:26+00:00","breadcrumb":{"@id":"https:\/\/www.dgsspa.com\/en\/about-us\/governance-e-compliance\/responsabilita-sociale-dimpresa-sa-8000\/#breadcrumb"},"inLanguage":"en-US","potentialAction":[{"@type":"ReadAction","target":["https:\/\/www.dgsspa.com\/en\/about-us\/governance-e-compliance\/responsabilita-sociale-dimpresa-sa-8000\/"]}]},{"@type":"BreadcrumbList","@id":"https:\/\/www.dgsspa.com\/en\/about-us\/governance-e-compliance\/responsabilita-sociale-dimpresa-sa-8000\/#breadcrumb","itemListElement":[{"@type":"ListItem","position":1,"name":"Home","item":"https:\/\/www.dgsspa.com\/en\/"},{"@type":"ListItem","position":2,"name":"About Us","item":"https:\/\/www.dgsspa.com\/en\/about-us\/"},{"@type":"ListItem","position":3,"name":"Governance e Compliance","item":"https:\/\/www.dgsspa.com\/en\/about-us\/governance-e-compliance\/"},{"@type":"ListItem","position":4,"name":"Responsabilit\u00e0 Sociale d\u2019Impresa (SA 8000)"}]},{"@type":"WebSite","@id":"https:\/\/www.dgsspa.com\/en\/#website","url":"https:\/\/www.dgsspa.com\/en\/","name":"DGS spa","description":"DGS SPA","publisher":{"@id":"https:\/\/www.dgsspa.com\/en\/#organization"},"potentialAction":[{"@type":"SearchAction","target":{"@type":"EntryPoint","urlTemplate":"https:\/\/www.dgsspa.com\/en\/?s={search_term_string}"},"query-input":{"@type":"PropertyValueSpecification","valueRequired":true,"valueName":"search_term_string"}}],"inLanguage":"en-US"},{"@type":"Organization","@id":"https:\/\/www.dgsspa.com\/en\/#organization","name":"DGS spa","url":"https:\/\/www.dgsspa.com\/en\/","logo":{"@type":"ImageObject","inLanguage":"en-US","@id":"https:\/\/www.dgsspa.com\/en\/#\/schema\/logo\/image\/","url":"https:\/\/www.dgsspa.com\/wp-content\/uploads\/2022\/11\/Logo_DGS.png","contentUrl":"https:\/\/www.dgsspa.com\/wp-content\/uploads\/2022\/11\/Logo_DGS.png","width":400,"height":400,"caption":"DGS spa"},"image":{"@id":"https:\/\/www.dgsspa.com\/en\/#\/schema\/logo\/image\/"},"sameAs":["https:\/\/www.facebook.com\/gruppoDGS","https:\/\/x.com\/dgs_group","https:\/\/www.linkedin.com\/company\/dgsspa\/","https:\/\/www.youtube.com\/channel\/UCTrU_JDYEEOcYXNjL5a9k5g","https:\/\/www.instagram.com\/dgs_spa"]}]}},"_links":{"self":[{"href":"https:\/\/www.dgsspa.com\/en\/wp-json\/wp\/v2\/pages\/92940","targetHints":{"allow":["GET"]}}],"collection":[{"href":"https:\/\/www.dgsspa.com\/en\/wp-json\/wp\/v2\/pages"}],"about":[{"href":"https:\/\/www.dgsspa.com\/en\/wp-json\/wp\/v2\/types\/page"}],"author":[{"embeddable":true,"href":"https:\/\/www.dgsspa.com\/en\/wp-json\/wp\/v2\/users\/5"}],"replies":[{"embeddable":true,"href":"https:\/\/www.dgsspa.com\/en\/wp-json\/wp\/v2\/comments?post=92940"}],"version-history":[{"count":2,"href":"https:\/\/www.dgsspa.com\/en\/wp-json\/wp\/v2\/pages\/92940\/revisions"}],"predecessor-version":[{"id":97301,"href":"https:\/\/www.dgsspa.com\/en\/wp-json\/wp\/v2\/pages\/92940\/revisions\/97301"}],"up":[{"embeddable":true,"href":"https:\/\/www.dgsspa.com\/en\/wp-json\/wp\/v2\/pages\/92966"}],"wp:attachment":[{"href":"https:\/\/www.dgsspa.com\/en\/wp-json\/wp\/v2\/media?parent=92940"}],"wp:term":[{"taxonomy":"category","embeddable":true,"href":"https:\/\/www.dgsspa.com\/en\/wp-json\/wp\/v2\/categories?post=92940"}],"curies":[{"name":"wp","href":"https:\/\/api.w.org\/{rel}","templated":true}]}}