{"id":146774,"date":"2025-06-20T14:44:54","date_gmt":"2025-06-20T13:44:54","guid":{"rendered":"https:\/\/www.dgsspa.com\/?page_id=146774"},"modified":"2025-06-23T11:07:44","modified_gmt":"2025-06-23T10:07:44","slug":"informativa-privacy-marketing","status":"publish","type":"page","link":"https:\/\/www.dgsspa.com\/en\/informativa-privacy-marketing\/","title":{"rendered":"Informativa privacy marketing"},"content":{"rendered":"\n<div style=\"height:120px\" aria-hidden=\"true\" class=\"wp-block-spacer\"><\/div>\n\n\n\n<div class=\"wp-block-group alignwide content-group has-global-padding is-layout-constrained wp-block-group-is-layout-constrained\">\n<h1 class=\"wp-block-heading\">Informativa privacy marketing<\/h1>\n\n\n\n<div style=\"height:74px\" aria-hidden=\"true\" class=\"wp-block-spacer\"><\/div>\n\n\n\n<div class=\"wp-block-group has-global-padding is-layout-constrained wp-block-group-is-layout-constrained\">\n<h5 class=\"wp-block-heading\"><strong><a href=\"https:\/\/www.dgsspa.com\/wp-content\/uploads\/2023\/04\/Informativa-Privacy-per-attivit%D0%B0-di-Marketing-1.pdf\">INFORMATIVA PRIVACY PER ATTIVIT\u00c0 DI MARKETING<\/a><\/strong><\/h5>\n\n\n\n<p><\/p>\n<\/div>\n\n\n\n<div class=\"wp-block-group has-global-padding is-layout-constrained wp-block-group-is-layout-constrained\">\n<h5 class=\"wp-block-heading\"><strong><a href=\"https:\/\/www.dgsspa.com\/wp-content\/uploads\/2023\/06\/Informativa_Privacy_per_attivita_di_Marketing_PR.pdf\">INFORMATIVA PRIVACY PER ATTIVIT\u00c0 DI MARKETING CON PROFILAZIONE<\/a><\/strong><\/h5>\n\n\n\n<p><\/p>\n<\/div>\n\n\n\n<div class=\"wp-block-group has-global-padding is-layout-constrained wp-block-group-is-layout-constrained\">\n<h5 class=\"wp-block-heading\"><strong><a href=\"https:\/\/www.dgsspa.com\/wp-content\/uploads\/2023\/09\/InformativaPrivacy-per-attivita-di-Marketing-con-immagini-PR.pdf\">INFORMATIVA PRIVACY PER ATTIVIT\u00c0 DI MARKETING CON IMMAGINI CON PROFILAZIONE<\/a><\/strong><\/h5>\n\n\n\n<p><\/p>\n<\/div>\n\n\n\n<div class=\"wp-block-group has-global-padding is-layout-constrained wp-block-group-is-layout-constrained\">\n<h5 class=\"wp-block-heading\"><strong><a href=\"https:\/\/www.dgsspa.com\/wp-content\/uploads\/2023\/04\/InformativaPrivacy-per-attivit%D0%B0-di-Marketing-con-immagini.pdf\">INFORMATIVA PRIVACY PER ATTIVIT\u00c0 DI MARKETING CON IMMAGINI<\/a><\/strong><\/h5>\n\n\n\n<p><\/p>\n<\/div>\n\n\n\n<div class=\"wp-block-group has-global-padding is-layout-constrained wp-block-group-is-layout-constrained\">\n<h5 class=\"wp-block-heading\"><strong><a href=\"https:\/\/www.dgsspa.com\/wp-content\/uploads\/2023\/04\/Informativa-Privacy-per-testimonianze-scritte-e-uso-logo-azienda.pdf\">INFORMATIVA PRIVACY PER TESTIMONIANZE SCRITTE E USO LOGO AZIENDA<\/a><\/strong><\/h5>\n\n\n\n<p><\/p>\n<\/div>\n\n\n\n<div class=\"wp-block-group has-global-padding is-layout-constrained wp-block-group-is-layout-constrained\">\n<h5 class=\"wp-block-heading\"><strong><a href=\"https:\/\/www.dgsspa.com\/wp-content\/uploads\/2023\/04\/Informativa-Privacy-per-video-case.pdf\">INFORMATIVA PRIVACY PER VIDEO CASE<\/a><\/strong><\/h5>\n\n\n\n<p><\/p>\n<\/div>\n\n\n\n<div class=\"wp-block-group has-global-padding is-layout-constrained wp-block-group-is-layout-constrained\"><\/div>\n<\/div>\n","protected":false},"excerpt":{"rendered":"<p>Informativa privacy marketing INFORMATIVA PRIVACY PER ATTIVIT\u00c0 DI MARKETING INFORMATIVA PRIVACY PER ATTIVIT\u00c0 DI MARKETING CON PROFILAZIONE INFORMATIVA PRIVACY PER ATTIVIT\u00c0 DI MARKETING CON IMMAGINI CON PROFILAZIONE INFORMATIVA PRIVACY PER ATTIVIT\u00c0 DI MARKETING CON IMMAGINI INFORMATIVA PRIVACY PER TESTIMONIANZE SCRITTE E USO LOGO AZIENDA INFORMATIVA PRIVACY PER VIDEO CASE<\/p>\n","protected":false},"author":3,"featured_media":0,"parent":0,"menu_order":0,"comment_status":"closed","ping_status":"closed","template":"wp-custom-template-compact-header","meta":{"_acf_changed":false,"footnotes":""},"categories":[],"class_list":["post-146774","page","type-page","status-publish","hentry"],"acf":[],"yoast_head":"<!-- This site is optimized with the Yoast SEO plugin v27.4 - https:\/\/yoast.com\/product\/yoast-seo-wordpress\/ -->\n<title>Informativa privacy marketing - DGS<\/title>\n<meta name=\"robots\" content=\"index, follow, max-snippet:-1, max-image-preview:large, max-video-preview:-1\" \/>\n<link rel=\"canonical\" href=\"https:\/\/www.dgsspa.com\/en\/informativa-privacy-marketing\/\" \/>\n<meta property=\"og:locale\" content=\"en_US\" \/>\n<meta property=\"og:type\" content=\"article\" \/>\n<meta property=\"og:title\" content=\"Informativa privacy marketing - DGS\" \/>\n<meta property=\"og:description\" content=\"Informativa privacy marketing INFORMATIVA PRIVACY PER ATTIVIT\u00c0 DI MARKETING INFORMATIVA PRIVACY PER ATTIVIT\u00c0 DI MARKETING CON PROFILAZIONE INFORMATIVA PRIVACY PER ATTIVIT\u00c0 DI MARKETING CON IMMAGINI CON PROFILAZIONE INFORMATIVA PRIVACY PER ATTIVIT\u00c0 DI MARKETING CON IMMAGINI INFORMATIVA PRIVACY PER TESTIMONIANZE SCRITTE E USO LOGO AZIENDA INFORMATIVA PRIVACY PER VIDEO CASE\" \/>\n<meta property=\"og:url\" content=\"https:\/\/www.dgsspa.com\/en\/informativa-privacy-marketing\/\" \/>\n<meta property=\"og:site_name\" content=\"DGS\" \/>\n<meta property=\"article:publisher\" content=\"https:\/\/www.facebook.com\/gruppoDGS\" \/>\n<meta property=\"article:modified_time\" content=\"2025-06-23T10:07:44+00:00\" \/>\n<meta property=\"og:image\" content=\"https:\/\/www.dgsspa.com\/wp-content\/uploads\/2022\/12\/dgs-logo-opengraph.png\" \/>\n\t<meta property=\"og:image:width\" content=\"1200\" \/>\n\t<meta property=\"og:image:height\" content=\"630\" \/>\n\t<meta property=\"og:image:type\" content=\"image\/png\" \/>\n<meta name=\"twitter:card\" content=\"summary_large_image\" \/>\n<meta name=\"twitter:site\" content=\"@dgs_group\" \/>\n<script type=\"application\/ld+json\" class=\"yoast-schema-graph\">{\"@context\":\"https:\\\/\\\/schema.org\",\"@graph\":[{\"@type\":\"WebPage\",\"@id\":\"https:\\\/\\\/www.dgsspa.com\\\/en\\\/informativa-privacy-marketing\\\/\",\"url\":\"https:\\\/\\\/www.dgsspa.com\\\/en\\\/informativa-privacy-marketing\\\/\",\"name\":\"Informativa privacy marketing - DGS\",\"isPartOf\":{\"@id\":\"https:\\\/\\\/www.dgsspa.com\\\/en\\\/#website\"},\"datePublished\":\"2025-06-20T13:44:54+00:00\",\"dateModified\":\"2025-06-23T10:07:44+00:00\",\"breadcrumb\":{\"@id\":\"https:\\\/\\\/www.dgsspa.com\\\/en\\\/informativa-privacy-marketing\\\/#breadcrumb\"},\"inLanguage\":\"en-US\",\"potentialAction\":[{\"@type\":\"ReadAction\",\"target\":[\"https:\\\/\\\/www.dgsspa.com\\\/en\\\/informativa-privacy-marketing\\\/\"]}]},{\"@type\":\"BreadcrumbList\",\"@id\":\"https:\\\/\\\/www.dgsspa.com\\\/en\\\/informativa-privacy-marketing\\\/#breadcrumb\",\"itemListElement\":[{\"@type\":\"ListItem\",\"position\":1,\"name\":\"Home\",\"item\":\"https:\\\/\\\/www.dgsspa.com\\\/en\\\/\"},{\"@type\":\"ListItem\",\"position\":2,\"name\":\"Informativa privacy marketing\"}]},{\"@type\":\"WebSite\",\"@id\":\"https:\\\/\\\/www.dgsspa.com\\\/en\\\/#website\",\"url\":\"https:\\\/\\\/www.dgsspa.com\\\/en\\\/\",\"name\":\"DGS spa\",\"description\":\"DGS SPA\",\"publisher\":{\"@id\":\"https:\\\/\\\/www.dgsspa.com\\\/en\\\/#organization\"},\"potentialAction\":[{\"@type\":\"SearchAction\",\"target\":{\"@type\":\"EntryPoint\",\"urlTemplate\":\"https:\\\/\\\/www.dgsspa.com\\\/en\\\/?s={search_term_string}\"},\"query-input\":{\"@type\":\"PropertyValueSpecification\",\"valueRequired\":true,\"valueName\":\"search_term_string\"}}],\"inLanguage\":\"en-US\"},{\"@type\":\"Organization\",\"@id\":\"https:\\\/\\\/www.dgsspa.com\\\/en\\\/#organization\",\"name\":\"DGS spa\",\"url\":\"https:\\\/\\\/www.dgsspa.com\\\/en\\\/\",\"logo\":{\"@type\":\"ImageObject\",\"inLanguage\":\"en-US\",\"@id\":\"https:\\\/\\\/www.dgsspa.com\\\/en\\\/#\\\/schema\\\/logo\\\/image\\\/\",\"url\":\"https:\\\/\\\/www.dgsspa.com\\\/wp-content\\\/uploads\\\/2022\\\/11\\\/Logo_DGS.png\",\"contentUrl\":\"https:\\\/\\\/www.dgsspa.com\\\/wp-content\\\/uploads\\\/2022\\\/11\\\/Logo_DGS.png\",\"width\":400,\"height\":400,\"caption\":\"DGS spa\"},\"image\":{\"@id\":\"https:\\\/\\\/www.dgsspa.com\\\/en\\\/#\\\/schema\\\/logo\\\/image\\\/\"},\"sameAs\":[\"https:\\\/\\\/www.facebook.com\\\/gruppoDGS\",\"https:\\\/\\\/x.com\\\/dgs_group\",\"https:\\\/\\\/www.linkedin.com\\\/company\\\/dgsspa\\\/\",\"https:\\\/\\\/www.youtube.com\\\/channel\\\/UCTrU_JDYEEOcYXNjL5a9k5g\",\"https:\\\/\\\/www.instagram.com\\\/dgs_spa\"]}]}<\/script>\n<!-- \/ Yoast SEO plugin. -->","yoast_head_json":{"title":"Informativa privacy marketing - DGS","robots":{"index":"index","follow":"follow","max-snippet":"max-snippet:-1","max-image-preview":"max-image-preview:large","max-video-preview":"max-video-preview:-1"},"canonical":"https:\/\/www.dgsspa.com\/en\/informativa-privacy-marketing\/","og_locale":"en_US","og_type":"article","og_title":"Informativa privacy marketing - DGS","og_description":"Informativa privacy marketing INFORMATIVA PRIVACY PER ATTIVIT\u00c0 DI MARKETING INFORMATIVA PRIVACY PER ATTIVIT\u00c0 DI MARKETING CON PROFILAZIONE INFORMATIVA PRIVACY PER ATTIVIT\u00c0 DI MARKETING CON IMMAGINI CON PROFILAZIONE INFORMATIVA PRIVACY PER ATTIVIT\u00c0 DI MARKETING CON IMMAGINI INFORMATIVA PRIVACY PER TESTIMONIANZE SCRITTE E USO LOGO AZIENDA INFORMATIVA PRIVACY PER VIDEO CASE","og_url":"https:\/\/www.dgsspa.com\/en\/informativa-privacy-marketing\/","og_site_name":"DGS","article_publisher":"https:\/\/www.facebook.com\/gruppoDGS","article_modified_time":"2025-06-23T10:07:44+00:00","og_image":[{"width":1200,"height":630,"url":"https:\/\/www.dgsspa.com\/wp-content\/uploads\/2022\/12\/dgs-logo-opengraph.png","type":"image\/png"}],"twitter_card":"summary_large_image","twitter_site":"@dgs_group","schema":{"@context":"https:\/\/schema.org","@graph":[{"@type":"WebPage","@id":"https:\/\/www.dgsspa.com\/en\/informativa-privacy-marketing\/","url":"https:\/\/www.dgsspa.com\/en\/informativa-privacy-marketing\/","name":"Informativa privacy marketing - DGS","isPartOf":{"@id":"https:\/\/www.dgsspa.com\/en\/#website"},"datePublished":"2025-06-20T13:44:54+00:00","dateModified":"2025-06-23T10:07:44+00:00","breadcrumb":{"@id":"https:\/\/www.dgsspa.com\/en\/informativa-privacy-marketing\/#breadcrumb"},"inLanguage":"en-US","potentialAction":[{"@type":"ReadAction","target":["https:\/\/www.dgsspa.com\/en\/informativa-privacy-marketing\/"]}]},{"@type":"BreadcrumbList","@id":"https:\/\/www.dgsspa.com\/en\/informativa-privacy-marketing\/#breadcrumb","itemListElement":[{"@type":"ListItem","position":1,"name":"Home","item":"https:\/\/www.dgsspa.com\/en\/"},{"@type":"ListItem","position":2,"name":"Informativa privacy marketing"}]},{"@type":"WebSite","@id":"https:\/\/www.dgsspa.com\/en\/#website","url":"https:\/\/www.dgsspa.com\/en\/","name":"DGS spa","description":"DGS SPA","publisher":{"@id":"https:\/\/www.dgsspa.com\/en\/#organization"},"potentialAction":[{"@type":"SearchAction","target":{"@type":"EntryPoint","urlTemplate":"https:\/\/www.dgsspa.com\/en\/?s={search_term_string}"},"query-input":{"@type":"PropertyValueSpecification","valueRequired":true,"valueName":"search_term_string"}}],"inLanguage":"en-US"},{"@type":"Organization","@id":"https:\/\/www.dgsspa.com\/en\/#organization","name":"DGS spa","url":"https:\/\/www.dgsspa.com\/en\/","logo":{"@type":"ImageObject","inLanguage":"en-US","@id":"https:\/\/www.dgsspa.com\/en\/#\/schema\/logo\/image\/","url":"https:\/\/www.dgsspa.com\/wp-content\/uploads\/2022\/11\/Logo_DGS.png","contentUrl":"https:\/\/www.dgsspa.com\/wp-content\/uploads\/2022\/11\/Logo_DGS.png","width":400,"height":400,"caption":"DGS spa"},"image":{"@id":"https:\/\/www.dgsspa.com\/en\/#\/schema\/logo\/image\/"},"sameAs":["https:\/\/www.facebook.com\/gruppoDGS","https:\/\/x.com\/dgs_group","https:\/\/www.linkedin.com\/company\/dgsspa\/","https:\/\/www.youtube.com\/channel\/UCTrU_JDYEEOcYXNjL5a9k5g","https:\/\/www.instagram.com\/dgs_spa"]}]}},"_links":{"self":[{"href":"https:\/\/www.dgsspa.com\/en\/wp-json\/wp\/v2\/pages\/146774","targetHints":{"allow":["GET"]}}],"collection":[{"href":"https:\/\/www.dgsspa.com\/en\/wp-json\/wp\/v2\/pages"}],"about":[{"href":"https:\/\/www.dgsspa.com\/en\/wp-json\/wp\/v2\/types\/page"}],"author":[{"embeddable":true,"href":"https:\/\/www.dgsspa.com\/en\/wp-json\/wp\/v2\/users\/3"}],"replies":[{"embeddable":true,"href":"https:\/\/www.dgsspa.com\/en\/wp-json\/wp\/v2\/comments?post=146774"}],"version-history":[{"count":1,"href":"https:\/\/www.dgsspa.com\/en\/wp-json\/wp\/v2\/pages\/146774\/revisions"}],"predecessor-version":[{"id":147685,"href":"https:\/\/www.dgsspa.com\/en\/wp-json\/wp\/v2\/pages\/146774\/revisions\/147685"}],"wp:attachment":[{"href":"https:\/\/www.dgsspa.com\/en\/wp-json\/wp\/v2\/media?parent=146774"}],"wp:term":[{"taxonomy":"category","embeddable":true,"href":"https:\/\/www.dgsspa.com\/en\/wp-json\/wp\/v2\/categories?post=146774"}],"curies":[{"name":"wp","href":"https:\/\/api.w.org\/{rel}","templated":true}]}}